{"id":1909,"date":"2018-04-09T21:20:16","date_gmt":"2018-04-09T21:20:16","guid":{"rendered":"http:\/\/www.perihelio.com\/?page_id=1909"},"modified":"2024-02-25T22:24:16","modified_gmt":"2024-02-25T22:24:16","slug":"cocina-solar","status":"publish","type":"page","link":"https:\/\/www.perihelio.com\/index.php\/cocina-solar\/","title":{"rendered":"Cocina y artilugios solares"},"content":{"rendered":"<p>[et_pb_section fb_built=\u00bb1&#8243; admin_label=\u00bbsection\u00bb _builder_version=\u00bb3.22&#8243;][et_pb_row admin_label=\u00bbrow\u00bb _builder_version=\u00bb3.25&#8243; background_size=\u00bbinitial\u00bb background_position=\u00bbtop_left\u00bb background_repeat=\u00bbrepeat\u00bb custom_margin=\u00bb|auto|-16px|auto||\u00bb custom_padding=\u00bb6px||6px||true|\u00bb][et_pb_column type=\u00bb4_4&#8243; _builder_version=\u00bb3.25&#8243; custom_padding=\u00bb|||\u00bb custom_padding__hover=\u00bb|||\u00bb][et_pb_text _builder_version=\u00bb4.7.4&#8243; _module_preset=\u00bbdefault\u00bb min_height=\u00bb64px\u00bb custom_padding=\u00bb0px||0px|||\u00bb hover_enabled=\u00bb0&#8243; sticky_enabled=\u00bb0&#8243;]<\/p>\n<p><span style=\"font-size: x-large;\">\u00c9sta es parte de nuestra selecci\u00f3n de herramientas para aprovechar la energ\u00eda del sol all\u00e1 donde est\u00e9s&#8230;Con estos artilugios podr\u00e1s cocinar, encender un fuego o cargar el m\u00f3vil de manera segura, aut\u00f3noma y con energ\u00eda renovable.\u00a0<\/span><\/p>\n<p><span style=\"font-size: x-large;\"><strong><a href=\"https:\/\/www.perihelio.com\/tienda\/categoria-producto\/solar\/\">Consulta<\/a><\/strong>\u00a0los precios en nuestra <strong><a href=\"https:\/\/www.perihelio.com\/tienda\/\">Tienda Online<\/a>\u00a0<\/strong>en la secci\u00f3n\u00a0<strong><a href=\"https:\/\/www.perihelio.com\/tienda\/categoria-producto\/solar\/\">SOLAR<\/a><\/strong><\/span><\/p>\n<p>&nbsp;<\/p>\n<p>[\/et_pb_text][\/et_pb_column][\/et_pb_row][et_pb_row column_structure=\u00bb1_2,1_2&#8243; admin_label=\u00bbrow\u00bb _builder_version=\u00bb3.25&#8243; background_size=\u00bbinitial\u00bb background_position=\u00bbtop_left\u00bb background_repeat=\u00bbrepeat\u00bb min_height=\u00bb719px\u00bb custom_margin=\u00bb-4px|auto||auto||\u00bb custom_padding=\u00bb103px|||||\u00bb][et_pb_column type=\u00bb1_2&#8243; _builder_version=\u00bb3.25&#8243; custom_padding=\u00bb|||\u00bb custom_padding__hover=\u00bb|||\u00bb][et_pb_text _builder_version=\u00bb4.7.4&#8243; _module_preset=\u00bbdefault\u00bb min_height=\u00bb37px\u00bb custom_margin=\u00bb||-1px|||\u00bb custom_padding=\u00bb||0px|||\u00bb]<\/p>\n<p><span style=\"font-size: x-large;\"><strong>Estaci\u00f3n de energ\u00eda\u00a0<em>\/ Kaise S710<\/em><\/strong><\/span><\/p>\n<p><span style=\"font-size: 17px;\"><\/span><\/p>\n<p><strong><em><\/em><\/strong><\/p>\n<p>[\/et_pb_text][et_pb_image src=\u00bbhttps:\/\/www.perihelio.com\/wp-content\/uploads\/2021\/12\/portable-power-station-kaise-s710-grid.png\u00bb title_text=\u00bbportable-power-station-kaise-s710-grid\u00bb align=\u00bbcenter\u00bb _builder_version=\u00bb4.7.4&#8243; _module_preset=\u00bbdefault\u00bb min_height=\u00bb387px\u00bb custom_padding=\u00bb0px||0px|||\u00bb][\/et_pb_image][\/et_pb_column][et_pb_column type=\u00bb1_2&#8243; _builder_version=\u00bb4.7.4&#8243; _module_preset=\u00bbdefault\u00bb][et_pb_gallery gallery_ids=\u00bb3786,3785&#8243; fullwidth=\u00bbon\u00bb _builder_version=\u00bb4.7.4&#8243; _module_preset=\u00bbdefault\u00bb custom_margin=\u00bb78px|||||\u00bb][\/et_pb_gallery][\/et_pb_column][\/et_pb_row][et_pb_row column_structure=\u00bb1_2,1_2&#8243; admin_label=\u00bbrow\u00bb _builder_version=\u00bb3.25&#8243; background_size=\u00bbinitial\u00bb background_position=\u00bbtop_left\u00bb background_repeat=\u00bbrepeat\u00bb custom_margin=\u00bb|auto|-16px|auto||\u00bb custom_padding=\u00bb6px||6px||true|\u00bb][et_pb_column type=\u00bb1_2&#8243; _builder_version=\u00bb3.25&#8243; custom_padding=\u00bb|||\u00bb custom_padding__hover=\u00bb|||\u00bb][et_pb_text _builder_version=\u00bb4.7.4&#8243; _module_preset=\u00bbdefault\u00bb]<\/p>\n<p><span style=\"font-size: x-large;\"><strong>Dise\u00f1o compacto y ligero con gran versatilidad y funcionamiento plug and play<\/strong>. <\/span><\/p>\n<p><span style=\"font-size: x-large;\">Puedes recargarla en casa en un enchufe normal, con el mechero del coche o con un panel solar. <\/span><\/p>\n<p><span style=\"font-size: x-large;\">Tiene una capacidad de 122 Amperios. Por ejemplo, puede cargar la bater\u00eda de un ordenador port\u00e1til 10 veces o mantener encendida una l\u00e1mpara led potente de techo (18W) durante 24 horas.<\/span><\/p>\n<p><span style=\"font-size: x-large;\">Dispone de diferentes conectores para enchufar cualquier dispositivo directamente. Incluso elementos de corriente alterna como un ventilador o una nevera peque\u00f1a. Adem\u00e1s la frecuencia de salida es de onda sinusoidal pura, por lo que no tendr\u00e1s problemas con ning\u00fan elemento electr\u00f3nico o electrodom\u00e9stico. <\/span><\/p>\n<p><span style=\"font-size: x-large;\">Las aplicaciones pueden ser variadas, por ejemplo: para viajes, camping o como bater\u00eda de emergencia.<\/span><\/p>\n<p><strong><em><\/em><\/strong><\/p>\n<p>[\/et_pb_text][\/et_pb_column][et_pb_column type=\u00bb1_2&#8243; _builder_version=\u00bb3.25&#8243; custom_padding=\u00bb|||\u00bb custom_padding__hover=\u00bb|||\u00bb][et_pb_image src=\u00bbhttps:\/\/www.perihelio.com\/wp-content\/uploads\/2021\/12\/image1.jpeg\u00bb title_text=\u00bbimage1&#8243; _builder_version=\u00bb4.7.4&#8243; _module_preset=\u00bbdefault\u00bb][\/et_pb_image][\/et_pb_column][\/et_pb_row][et_pb_row column_structure=\u00bb1_2,1_2&#8243; admin_label=\u00bbrow\u00bb _builder_version=\u00bb3.25&#8243; background_size=\u00bbinitial\u00bb background_position=\u00bbtop_left\u00bb background_repeat=\u00bbrepeat\u00bb min_height=\u00bb719px\u00bb custom_margin=\u00bb-4px|auto||auto||\u00bb custom_padding=\u00bb150px|||||\u00bb][et_pb_column type=\u00bb1_2&#8243; _builder_version=\u00bb3.25&#8243; custom_padding=\u00bb|||\u00bb custom_padding__hover=\u00bb|||\u00bb][et_pb_text _builder_version=\u00bb4.7.4&#8243; _module_preset=\u00bbdefault\u00bb min_height=\u00bb37px\u00bb custom_margin=\u00bb||-1px|||\u00bb custom_padding=\u00bb||0px|||\u00bb]<\/p>\n<p><span style=\"font-size: x-large;\"><strong>Cargador solar\u00a0<em>\/ Sunmoove 6<\/em><\/strong><\/span><\/p>\n<p><span style=\"font-size: 17px;\"><\/span><\/p>\n<p><strong><em><\/em><\/strong><\/p>\n<p>[\/et_pb_text][et_pb_image src=\u00bbhttps:\/\/www.perihelio.com\/wp-content\/uploads\/2021\/11\/ChargeurSUNMOOVE-6-min.jpg\u00bb title_text=\u00bbChargeurSUNMOOVE-6-min\u00bb align=\u00bbcenter\u00bb _builder_version=\u00bb4.7.4&#8243; _module_preset=\u00bbdefault\u00bb min_height=\u00bb387px\u00bb custom_padding=\u00bb0px||0px|||\u00bb][\/et_pb_image][\/et_pb_column][et_pb_column type=\u00bb1_2&#8243; _builder_version=\u00bb4.7.4&#8243; _module_preset=\u00bbdefault\u00bb][et_pb_gallery gallery_ids=\u00bb3727,3734,3733,3735,3732,3731&#8243; fullwidth=\u00bbon\u00bb _builder_version=\u00bb4.7.4&#8243; _module_preset=\u00bbdefault\u00bb][\/et_pb_gallery][\/et_pb_column][\/et_pb_row][et_pb_row _builder_version=\u00bb4.7.4&#8243; _module_preset=\u00bbdefault\u00bb][et_pb_column type=\u00bb4_4&#8243; _builder_version=\u00bb4.7.4&#8243; _module_preset=\u00bbdefault\u00bb][et_pb_text _builder_version=\u00bb4.7.4&#8243; _module_preset=\u00bbdefault\u00bb]<\/p>\n<p><span style=\"font-size: x-large;\">190 gr |\u00a0<span>6,5 W | Tiempo de carga orientativo 1.000 a 2.000 mAh = 1 a 5 h | Carga smartphone, powerbank, c\u00e1mara fotos, altavoz&#8230; de 5v<\/span><\/span><\/p>\n<p><span style=\"font-size: x-large;\">Cable USB-C, micro USB, iPhone | R<\/span><span style=\"font-size: x-large;\">esistente, plegable y compacto | Panel impermeable, clasificaci\u00f3n XPX4\u00a0<\/span><span style=\"font-size: x-large;\">\u00a0<\/span><\/p>\n<p><strong><em><\/em><\/strong><\/p>\n<p>[\/et_pb_text][\/et_pb_column][\/et_pb_row][et_pb_row column_structure=\u00bb1_2,1_2&#8243; admin_label=\u00bbrow\u00bb _builder_version=\u00bb3.25&#8243; background_size=\u00bbinitial\u00bb background_position=\u00bbtop_left\u00bb background_repeat=\u00bbrepeat\u00bb min_height=\u00bb719px\u00bb custom_margin=\u00bb-4px|auto||auto||\u00bb custom_padding=\u00bb150px|||||\u00bb][et_pb_column type=\u00bb1_2&#8243; _builder_version=\u00bb3.25&#8243; custom_padding=\u00bb|||\u00bb custom_padding__hover=\u00bb|||\u00bb][et_pb_text _builder_version=\u00bb4.7.4&#8243; _module_preset=\u00bbdefault\u00bb min_height=\u00bb37px\u00bb custom_margin=\u00bb||-1px|||\u00bb custom_padding=\u00bb||0px|||\u00bb]<\/p>\n<p><span style=\"font-size: x-large;\"><strong>Cargador solar\u00a0<em>\/ Sunmoove 16<\/em><\/strong><\/span><\/p>\n<p><span style=\"font-size: 17px;\"><\/span><\/p>\n<p><strong><em><\/em><\/strong><\/p>\n<p>[\/et_pb_text][et_pb_image src=\u00bbhttps:\/\/www.perihelio.com\/wp-content\/uploads\/2021\/11\/Chargeur_SUNPOWER-16-min.jpg\u00bb title_text=\u00bbChargeur_SUNPOWER-16-min\u00bb _builder_version=\u00bb4.7.4&#8243; _module_preset=\u00bbdefault\u00bb][\/et_pb_image][\/et_pb_column][et_pb_column type=\u00bb1_2&#8243; _builder_version=\u00bb4.7.4&#8243; _module_preset=\u00bbdefault\u00bb][et_pb_gallery gallery_ids=\u00bb3741,3738,3742,3743,3740,3739,3737&#8243; fullwidth=\u00bbon\u00bb _builder_version=\u00bb4.7.4&#8243; _module_preset=\u00bbdefault\u00bb][\/et_pb_gallery][\/et_pb_column][\/et_pb_row][et_pb_row admin_label=\u00bbrow\u00bb _builder_version=\u00bb3.25&#8243; background_size=\u00bbinitial\u00bb background_position=\u00bbtop_left\u00bb background_repeat=\u00bbrepeat\u00bb custom_padding=\u00bb6px|||||\u00bb][et_pb_column type=\u00bb4_4&#8243; _builder_version=\u00bb3.25&#8243; custom_padding=\u00bb|||\u00bb custom_padding__hover=\u00bb|||\u00bb][et_pb_text _builder_version=\u00bb4.7.4&#8243; _module_preset=\u00bbdefault\u00bb]<\/p>\n<p><span style=\"font-size: x-large;\">490 gr |\u00a0<span>16 W | Tiempo de carga orientativo 2.000 a 10.000 mAh = 1 a 5 h | Carga tablet, smartphone, powerbank, c\u00e1mara fotos&#8230; de 5v<\/span><\/span><\/p>\n<p><span style=\"font-size: x-large;\">Cable USB-C, micro USB, iPhone | R<\/span><span style=\"font-size: x-large;\">esistente, plegable y compacto | Panel impermeable, clasificaci\u00f3n XPX4\u00a0<\/span><span style=\"font-size: x-large;\">\u00a0<\/span><\/p>\n<p><strong><em><\/em><\/strong><\/p>\n<p>[\/et_pb_text][\/et_pb_column][\/et_pb_row][et_pb_row column_structure=\u00bb1_2,1_2&#8243; admin_label=\u00bbrow\u00bb _builder_version=\u00bb3.25&#8243; background_size=\u00bbinitial\u00bb background_position=\u00bbtop_left\u00bb background_repeat=\u00bbrepeat\u00bb min_height=\u00bb555px\u00bb custom_padding=\u00bb100px|||||\u00bb][et_pb_column type=\u00bb1_2&#8243; _builder_version=\u00bb3.25&#8243; custom_padding=\u00bb|||\u00bb custom_padding__hover=\u00bb|||\u00bb][et_pb_text _builder_version=\u00bb4.7.4&#8243; _module_preset=\u00bbdefault\u00bb]<\/p>\n<p><span style=\"font-size: x-large;\"><strong>Encendedor solar <em>\/ Solar lighter<\/em><\/strong><\/span><\/p>\n<p><span style=\"font-size: large;\">El encendedor solar despliega sus alas y concentra los rayos del sol en un punto. Es capaz de encender en 3 segundos papel, cart\u00f3n, madera, tabaco, incienso&#8230;\u00a0<\/span><\/p>\n<p><span style=\"font-size: large;\">Las alas se pliegan formando un estuche donde puedes guardar tu mechero tambi\u00e9n usarlo por la noche. Ultraligero (12 gr.) y compacto. Es impermeable y funciona con viento.<\/span>\u00a0<\/p>\n<p><strong><em><\/em><\/strong><\/p>\n<p>[\/et_pb_text][et_pb_video src=\u00bbhttps:\/\/www.youtube.com\/watch?v=9vjC9rHITJU\u00bb _builder_version=\u00bb4.7.4&#8243; _module_preset=\u00bbdefault\u00bb][\/et_pb_video][\/et_pb_column][et_pb_column type=\u00bb1_2&#8243; _builder_version=\u00bb4.7.4&#8243; _module_preset=\u00bbdefault\u00bb][et_pb_gallery gallery_ids=\u00bb3640,3644,3643,3642,3641&#8243; fullwidth=\u00bbon\u00bb admin_label=\u00bbGaler\u00eda\u00bb _builder_version=\u00bb4.7.4&#8243; caption_all_caps=\u00bboff\u00bb width=\u00bb95%\u00bb max_width=\u00bb95%\u00bb auto=\u00bbon\u00bb auto_speed=\u00bb6000&#8243; use_border_color=\u00bboff\u00bb border_color=\u00bb#ffffff\u00bb border_style=\u00bbsolid\u00bb]&nbsp;<br \/>\n[\/et_pb_gallery][\/et_pb_column][\/et_pb_row][et_pb_row column_structure=\u00bb1_2,1_2&#8243; admin_label=\u00bbrow\u00bb _builder_version=\u00bb3.25&#8243; background_size=\u00bbinitial\u00bb background_position=\u00bbtop_left\u00bb background_repeat=\u00bbrepeat\u00bb custom_margin=\u00bb150px|auto||auto||\u00bb custom_padding=\u00bb2px|||||\u00bb][et_pb_column type=\u00bb1_2&#8243; _builder_version=\u00bb3.25&#8243; custom_padding=\u00bb|||\u00bb custom_padding__hover=\u00bb|||\u00bb][et_pb_text _builder_version=\u00bb4.7.4&#8243; _module_preset=\u00bbdefault\u00bb]<\/p>\n<p><span style=\"font-size: x-large;\"><strong>Cocina solar compacta\u00a0<em>\/ Sungood<\/em><\/strong><\/span><\/p>\n<p>Esta cocina solar es muy flexible, compacta y ligera. Se monta en 1 minuto y alcanza los 120\u00baC. Puedes transportarla en su bolsa a cualquier lado: parque, monta\u00f1a, playa&#8230; Te sirve para cocinar, hervir o calentar. Su funcionamiento suave y natural conserva los sabores y propiedades nutritivas de los alimentos.\u00a0<\/p>\n<p>Cocina sin especial supervisi\u00f3n y disfruta del aire libre con tu gente.<\/p>\n<p><strong><em><\/em><\/strong><\/p>\n<p>[\/et_pb_text][et_pb_video src=\u00bbhttps:\/\/www.youtube.com\/watch?v=Ghef06Os5xY\u00bb _builder_version=\u00bb4.7.4&#8243; _module_preset=\u00bbdefault\u00bb][\/et_pb_video][\/et_pb_column][et_pb_column type=\u00bb1_2&#8243; _builder_version=\u00bb4.7.4&#8243; _module_preset=\u00bbdefault\u00bb][et_pb_gallery gallery_ids=\u00bb3652,3656,3653,3654,3655&#8243; fullwidth=\u00bbon\u00bb admin_label=\u00bbGaler\u00eda\u00bb _builder_version=\u00bb4.7.4&#8243; caption_all_caps=\u00bboff\u00bb width=\u00bb95%\u00bb max_width=\u00bb95%\u00bb auto=\u00bbon\u00bb auto_speed=\u00bb6000&#8243; use_border_color=\u00bboff\u00bb border_color=\u00bb#ffffff\u00bb border_style=\u00bbsolid\u00bb]&nbsp;<br \/>\n[\/et_pb_gallery][\/et_pb_column][\/et_pb_row][et_pb_row column_structure=\u00bb1_2,1_2&#8243; admin_label=\u00bbrow\u00bb _builder_version=\u00bb3.25&#8243; background_size=\u00bbinitial\u00bb background_position=\u00bbtop_left\u00bb background_repeat=\u00bbrepeat\u00bb custom_padding=\u00bb151px|||||\u00bb][et_pb_column type=\u00bb1_2&#8243; _builder_version=\u00bb3.25&#8243; custom_padding=\u00bb|||\u00bb custom_padding__hover=\u00bb|||\u00bb][et_pb_text _builder_version=\u00bb4.7.4&#8243; _module_preset=\u00bbdefault\u00bb]<\/p>\n<p><span style=\"font-size: x-large;\"><strong>Cocinar solar parab\u00f3lica\u00a0<em>\/ Sunplicity<\/em><\/strong><\/span><\/p>\n<p><span style=\"font-size: 17px;\">Parab\u00f3lica que concentra los rayos del sol en la base del recipiente alcanzando temperaturas superiores a 250 \u00baC. Dispone de un visor para ajustar la orientaci\u00f3n y se puede plegar para su f\u00e1cil portabilidad.\u00a0 \u00a0<\/span><\/p>\n<p><strong><em><\/em><\/strong><\/p>\n<p>[\/et_pb_text][et_pb_video src=\u00bbhttps:\/\/www.youtube.com\/watch?v=N9npMYrlNqY\u00bb _builder_version=\u00bb4.7.4&#8243; _module_preset=\u00bbdefault\u00bb][\/et_pb_video][\/et_pb_column][et_pb_column type=\u00bb1_2&#8243; _builder_version=\u00bb4.7.4&#8243; _module_preset=\u00bbdefault\u00bb][et_pb_gallery gallery_ids=\u00bb3647&#8243; fullwidth=\u00bbon\u00bb admin_label=\u00bbGaler\u00eda\u00bb _builder_version=\u00bb4.7.4&#8243; caption_all_caps=\u00bboff\u00bb width=\u00bb95%\u00bb max_width=\u00bb95%\u00bb auto=\u00bbon\u00bb auto_speed=\u00bb6000&#8243; use_border_color=\u00bboff\u00bb border_color=\u00bb#ffffff\u00bb border_style=\u00bbsolid\u00bb]&nbsp;<br \/>\n[\/et_pb_gallery][\/et_pb_column][\/et_pb_row][\/et_pb_section]<\/p>\n","protected":false},"excerpt":{"rendered":"<p>[et_pb_section fb_built=\u00bb1&#8243; admin_label=\u00bbsection\u00bb _builder_version=\u00bb3.22&#8243;][et_pb_row admin_label=\u00bbrow\u00bb _builder_version=\u00bb3.25&#8243; background_size=\u00bbinitial\u00bb background_position=\u00bbtop_left\u00bb background_repeat=\u00bbrepeat\u00bb custom_margin=\u00bb|auto|-16px|auto||\u00bb custom_padding=\u00bb6px||6px||true|\u00bb][et_pb_column type=\u00bb4_4&#8243; _builder_version=\u00bb3.25&#8243; custom_padding=\u00bb|||\u00bb custom_padding__hover=\u00bb|||\u00bb][et_pb_text _builder_version=\u00bb4.7.4&#8243; _module_preset=\u00bbdefault\u00bb min_height=\u00bb64px\u00bb custom_padding=\u00bb0px||0px|||\u00bb hover_enabled=\u00bb0&#8243; sticky_enabled=\u00bb0&#8243;] \u00c9sta es parte de nuestra selecci\u00f3n de herramientas para aprovechar la energ\u00eda del sol all\u00e1 donde est\u00e9s&#8230;Con estos artilugios podr\u00e1s cocinar, encender un fuego o cargar el m\u00f3vil de manera segura, aut\u00f3noma y con [&hellip;]<\/p>\n","protected":false},"author":2,"featured_media":0,"parent":0,"menu_order":0,"comment_status":"closed","ping_status":"closed","template":"","meta":{"_et_pb_use_builder":"on","_et_pb_old_content":"","_et_gb_content_width":"","_joinchat":[],"footnotes":""},"class_list":["post-1909","page","type-page","status-publish","hentry"],"yoast_head":"<!-- This site is optimized with the Yoast SEO plugin v26.8 - https:\/\/yoast.com\/product\/yoast-seo-wordpress\/ -->\n<title>Cocina y artilugios solares - Perihelio - La Ruta Natural<\/title>\n<meta name=\"description\" content=\"Herramientas duraderas para cocinar de manera saludable con el sol, al fuego o en la casa. No m\u00e1s tefl\u00f3n en los alimentos.\" \/>\n<meta name=\"robots\" content=\"index, follow, max-snippet:-1, max-image-preview:large, max-video-preview:-1\" \/>\n<link rel=\"canonical\" href=\"https:\/\/www.perihelio.com\/index.php\/cocina-solar\/\" \/>\n<meta property=\"og:locale\" content=\"es_ES\" \/>\n<meta property=\"og:type\" content=\"article\" \/>\n<meta property=\"og:title\" content=\"Cocina y artilugios solares - Perihelio - La Ruta Natural\" \/>\n<meta property=\"og:description\" content=\"Herramientas duraderas para cocinar de manera saludable con el sol, al fuego o en la casa. No m\u00e1s tefl\u00f3n en los alimentos.\" \/>\n<meta property=\"og:url\" content=\"https:\/\/www.perihelio.com\/index.php\/cocina-solar\/\" \/>\n<meta property=\"og:site_name\" content=\"Perihelio - La Ruta Natural\" \/>\n<meta property=\"article:publisher\" content=\"https:\/\/www.facebook.com\/La-ruta-natural-de-Chinch%c3%b3n-847250628644535\/\" \/>\n<meta property=\"article:modified_time\" content=\"2024-02-25T22:24:16+00:00\" \/>\n<meta property=\"og:image\" content=\"https:\/\/www.perihelio.com\/wp-content\/uploads\/2025\/03\/Logo-ruta_web_white-SEO.jpg\" \/>\n\t<meta property=\"og:image:width\" content=\"1200\" \/>\n\t<meta property=\"og:image:height\" content=\"675\" \/>\n\t<meta property=\"og:image:type\" content=\"image\/jpeg\" \/>\n<meta name=\"twitter:card\" content=\"summary_large_image\" \/>\n<meta name=\"twitter:site\" content=\"@perihelio_com\" \/>\n<meta name=\"twitter:label1\" content=\"Tiempo de lectura\" \/>\n\t<meta name=\"twitter:data1\" content=\"7 minutos\" \/>\n<script type=\"application\/ld+json\" class=\"yoast-schema-graph\">{\"@context\":\"https:\/\/schema.org\",\"@graph\":[{\"@type\":\"WebPage\",\"@id\":\"https:\/\/www.perihelio.com\/index.php\/cocina-solar\/\",\"url\":\"https:\/\/www.perihelio.com\/index.php\/cocina-solar\/\",\"name\":\"Cocina y artilugios solares - Perihelio - La Ruta Natural\",\"isPartOf\":{\"@id\":\"https:\/\/www.perihelio.com\/#website\"},\"datePublished\":\"2018-04-09T21:20:16+00:00\",\"dateModified\":\"2024-02-25T22:24:16+00:00\",\"description\":\"Herramientas duraderas para cocinar de manera saludable con el sol, al fuego o en la casa. No m\u00e1s tefl\u00f3n en los alimentos.\",\"breadcrumb\":{\"@id\":\"https:\/\/www.perihelio.com\/index.php\/cocina-solar\/#breadcrumb\"},\"inLanguage\":\"es\",\"potentialAction\":[{\"@type\":\"ReadAction\",\"target\":[\"https:\/\/www.perihelio.com\/index.php\/cocina-solar\/\"]}]},{\"@type\":\"BreadcrumbList\",\"@id\":\"https:\/\/www.perihelio.com\/index.php\/cocina-solar\/#breadcrumb\",\"itemListElement\":[{\"@type\":\"ListItem\",\"position\":1,\"name\":\"Portada\",\"item\":\"https:\/\/www.perihelio.com\/\"},{\"@type\":\"ListItem\",\"position\":2,\"name\":\"Cocina y artilugios solares\"}]},{\"@type\":\"WebSite\",\"@id\":\"https:\/\/www.perihelio.com\/#website\",\"url\":\"https:\/\/www.perihelio.com\/\",\"name\":\"Perihelio - La Ruta Natural\",\"description\":\"Hogar sano: rehabilitaci\u00f3n energ\u00e9tica, ergonom\u00eda en sillas oficina y camas naturales, bioconstrucci\u00f3n\",\"publisher\":{\"@id\":\"https:\/\/www.perihelio.com\/#organization\"},\"alternateName\":\"Ruta Natural de Chinch\u00f3n\",\"potentialAction\":[{\"@type\":\"SearchAction\",\"target\":{\"@type\":\"EntryPoint\",\"urlTemplate\":\"https:\/\/www.perihelio.com\/?s={search_term_string}\"},\"query-input\":{\"@type\":\"PropertyValueSpecification\",\"valueRequired\":true,\"valueName\":\"search_term_string\"}}],\"inLanguage\":\"es\"},{\"@type\":\"Organization\",\"@id\":\"https:\/\/www.perihelio.com\/#organization\",\"name\":\"Perihelio\",\"alternateName\":\"La Ruta Natural\",\"url\":\"https:\/\/www.perihelio.com\/\",\"logo\":{\"@type\":\"ImageObject\",\"inLanguage\":\"es\",\"@id\":\"https:\/\/www.perihelio.com\/#\/schema\/logo\/image\/\",\"url\":\"https:\/\/www.perihelio.com\/wp-content\/uploads\/2017\/08\/perihelio_com-scaled.jpg\",\"contentUrl\":\"https:\/\/www.perihelio.com\/wp-content\/uploads\/2017\/08\/perihelio_com-scaled.jpg\",\"width\":2560,\"height\":624,\"caption\":\"Perihelio\"},\"image\":{\"@id\":\"https:\/\/www.perihelio.com\/#\/schema\/logo\/image\/\"},\"sameAs\":[\"https:\/\/www.facebook.com\/La-ruta-natural-de-Chinch\u00f3n-847250628644535\/\",\"https:\/\/x.com\/perihelio_com\",\"https:\/\/www.instagram.com\/larutanaturaldechinchon\/?hl=es\",\"https:\/\/www.linkedin.com\/company\/11035942\",\"https:\/\/www.youtube.com\/channel\/UC4_wAeDXx-_AHif9alVX9vA?view_as=subscriber\",\"http:\/\/www.youtube.com\/@larutanaturaldechinchon2084\",\"https:\/\/youtube.com\/@larutanaturaldechinchon2084?si=AHdElw-J_22vIDBK\"]}]}<\/script>\n<!-- \/ Yoast SEO plugin. -->","yoast_head_json":{"title":"Cocina y artilugios solares - Perihelio - La Ruta Natural","description":"Herramientas duraderas para cocinar de manera saludable con el sol, al fuego o en la casa. No m\u00e1s tefl\u00f3n en los alimentos.","robots":{"index":"index","follow":"follow","max-snippet":"max-snippet:-1","max-image-preview":"max-image-preview:large","max-video-preview":"max-video-preview:-1"},"canonical":"https:\/\/www.perihelio.com\/index.php\/cocina-solar\/","og_locale":"es_ES","og_type":"article","og_title":"Cocina y artilugios solares - Perihelio - La Ruta Natural","og_description":"Herramientas duraderas para cocinar de manera saludable con el sol, al fuego o en la casa. No m\u00e1s tefl\u00f3n en los alimentos.","og_url":"https:\/\/www.perihelio.com\/index.php\/cocina-solar\/","og_site_name":"Perihelio - La Ruta Natural","article_publisher":"https:\/\/www.facebook.com\/La-ruta-natural-de-Chinch%c3%b3n-847250628644535\/","article_modified_time":"2024-02-25T22:24:16+00:00","og_image":[{"width":1200,"height":675,"url":"https:\/\/www.perihelio.com\/wp-content\/uploads\/2025\/03\/Logo-ruta_web_white-SEO.jpg","type":"image\/jpeg"}],"twitter_card":"summary_large_image","twitter_site":"@perihelio_com","twitter_misc":{"Tiempo de lectura":"7 minutos"},"schema":{"@context":"https:\/\/schema.org","@graph":[{"@type":"WebPage","@id":"https:\/\/www.perihelio.com\/index.php\/cocina-solar\/","url":"https:\/\/www.perihelio.com\/index.php\/cocina-solar\/","name":"Cocina y artilugios solares - Perihelio - La Ruta Natural","isPartOf":{"@id":"https:\/\/www.perihelio.com\/#website"},"datePublished":"2018-04-09T21:20:16+00:00","dateModified":"2024-02-25T22:24:16+00:00","description":"Herramientas duraderas para cocinar de manera saludable con el sol, al fuego o en la casa. No m\u00e1s tefl\u00f3n en los alimentos.","breadcrumb":{"@id":"https:\/\/www.perihelio.com\/index.php\/cocina-solar\/#breadcrumb"},"inLanguage":"es","potentialAction":[{"@type":"ReadAction","target":["https:\/\/www.perihelio.com\/index.php\/cocina-solar\/"]}]},{"@type":"BreadcrumbList","@id":"https:\/\/www.perihelio.com\/index.php\/cocina-solar\/#breadcrumb","itemListElement":[{"@type":"ListItem","position":1,"name":"Portada","item":"https:\/\/www.perihelio.com\/"},{"@type":"ListItem","position":2,"name":"Cocina y artilugios solares"}]},{"@type":"WebSite","@id":"https:\/\/www.perihelio.com\/#website","url":"https:\/\/www.perihelio.com\/","name":"Perihelio - La Ruta Natural","description":"Hogar sano: rehabilitaci\u00f3n energ\u00e9tica, ergonom\u00eda en sillas oficina y camas naturales, bioconstrucci\u00f3n","publisher":{"@id":"https:\/\/www.perihelio.com\/#organization"},"alternateName":"Ruta Natural de Chinch\u00f3n","potentialAction":[{"@type":"SearchAction","target":{"@type":"EntryPoint","urlTemplate":"https:\/\/www.perihelio.com\/?s={search_term_string}"},"query-input":{"@type":"PropertyValueSpecification","valueRequired":true,"valueName":"search_term_string"}}],"inLanguage":"es"},{"@type":"Organization","@id":"https:\/\/www.perihelio.com\/#organization","name":"Perihelio","alternateName":"La Ruta Natural","url":"https:\/\/www.perihelio.com\/","logo":{"@type":"ImageObject","inLanguage":"es","@id":"https:\/\/www.perihelio.com\/#\/schema\/logo\/image\/","url":"https:\/\/www.perihelio.com\/wp-content\/uploads\/2017\/08\/perihelio_com-scaled.jpg","contentUrl":"https:\/\/www.perihelio.com\/wp-content\/uploads\/2017\/08\/perihelio_com-scaled.jpg","width":2560,"height":624,"caption":"Perihelio"},"image":{"@id":"https:\/\/www.perihelio.com\/#\/schema\/logo\/image\/"},"sameAs":["https:\/\/www.facebook.com\/La-ruta-natural-de-Chinch\u00f3n-847250628644535\/","https:\/\/x.com\/perihelio_com","https:\/\/www.instagram.com\/larutanaturaldechinchon\/?hl=es","https:\/\/www.linkedin.com\/company\/11035942","https:\/\/www.youtube.com\/channel\/UC4_wAeDXx-_AHif9alVX9vA?view_as=subscriber","http:\/\/www.youtube.com\/@larutanaturaldechinchon2084","https:\/\/youtube.com\/@larutanaturaldechinchon2084?si=AHdElw-J_22vIDBK"]}]}},"jetpack_sharing_enabled":true,"_links":{"self":[{"href":"https:\/\/www.perihelio.com\/index.php\/wp-json\/wp\/v2\/pages\/1909","targetHints":{"allow":["GET"]}}],"collection":[{"href":"https:\/\/www.perihelio.com\/index.php\/wp-json\/wp\/v2\/pages"}],"about":[{"href":"https:\/\/www.perihelio.com\/index.php\/wp-json\/wp\/v2\/types\/page"}],"author":[{"embeddable":true,"href":"https:\/\/www.perihelio.com\/index.php\/wp-json\/wp\/v2\/users\/2"}],"replies":[{"embeddable":true,"href":"https:\/\/www.perihelio.com\/index.php\/wp-json\/wp\/v2\/comments?post=1909"}],"version-history":[{"count":53,"href":"https:\/\/www.perihelio.com\/index.php\/wp-json\/wp\/v2\/pages\/1909\/revisions"}],"predecessor-version":[{"id":3934,"href":"https:\/\/www.perihelio.com\/index.php\/wp-json\/wp\/v2\/pages\/1909\/revisions\/3934"}],"wp:attachment":[{"href":"https:\/\/www.perihelio.com\/index.php\/wp-json\/wp\/v2\/media?parent=1909"}],"curies":[{"name":"wp","href":"https:\/\/api.w.org\/{rel}","templated":true}]}}