{"id":1557,"date":"2018-03-08T18:34:24","date_gmt":"2018-03-08T18:34:24","guid":{"rendered":"http:\/\/www.perihelio.com\/?page_id=1557"},"modified":"2024-02-25T22:33:56","modified_gmt":"2024-02-25T22:33:56","slug":"dormo-novo","status":"publish","type":"page","link":"https:\/\/www.perihelio.com\/index.php\/dormo-novo\/","title":{"rendered":"Sistema Dormo Novo"},"content":{"rendered":"<p>[et_pb_section fb_built=\u00bb1&#8243; admin_label=\u00bbsection\u00bb _builder_version=\u00bb3.22&#8243;][et_pb_row admin_label=\u00bbrow\u00bb _builder_version=\u00bb3.25&#8243; background_size=\u00bbinitial\u00bb background_position=\u00bbtop_left\u00bb background_repeat=\u00bbrepeat\u00bb column_structure=\u00bb2_3,1_3&#8243;][et_pb_column type=\u00bb2_3&#8243; _builder_version=\u00bb3.25&#8243; custom_padding=\u00bb|||\u00bb custom_padding__hover=\u00bb|||\u00bb][et_pb_text admin_label=\u00bbTexto\u00bb _builder_version=\u00bb4.7.4&#8243; background_size=\u00bbinitial\u00bb background_position=\u00bbtop_left\u00bb background_repeat=\u00bbrepeat\u00bb hover_enabled=\u00bb0&#8243; use_border_color=\u00bboff\u00bb border_color=\u00bb#ffffff\u00bb border_style=\u00bbsolid\u00bb sticky_enabled=\u00bb0&#8243;]<\/p>\n<p style=\"text-align: justify;\"><span lang=\"it-IT\">El sistema natural DORMO NOVO\u00a0se compone del\u00a0elemento <strong>BASIC &amp; COMFORT:\u00a0<\/strong>un sistema de\u00a0amortiguaci\u00f3n fabricado\u00a0<\/span><span lang=\"it-IT\">con\u00a0l\u00e1tex 100% natural y listones de madera de fresno. Por encima de \u00e9ste\u00a0se abrocha un colch\u00f3n de l\u00e1tex de 7,5 \u00f3 10 cm, y\u00a0para\u00a0recoger todos los elementos, se ajusta una\u00a0funda que permite la ventilaci\u00f3n por el interior\u00a0de la cama.<\/span><\/p>\n<p style=\"text-align: justify;\">Cuando se necesita una cama doble de m\u00e1s de 1m 40, seleccionamos un elemento <strong>BASIC &amp; COMFORT<\/strong> para cada individuo, para as\u00ed poder personalizar cada una de las amortiguaciones. El colch\u00f3n de l\u00e1tex es de la medida total.<\/p>\n<p>[\/et_pb_text][\/et_pb_column][et_pb_column type=\u00bb1_3&#8243; _builder_version=\u00bb3.25&#8243; custom_padding=\u00bb|||\u00bb custom_padding__hover=\u00bb|||\u00bb][et_pb_image src=\u00bbhttps:\/\/www.perihelio.com\/wp-content\/uploads\/2018\/03\/cremallera.png\u00bb align_tablet=\u00bbcenter\u00bb align_last_edited=\u00bbon|desktop\u00bb admin_label=\u00bbImagen\u00bb _builder_version=\u00bb3.23&#8243; use_border_color=\u00bboff\u00bb border_color=\u00bb#ffffff\u00bb border_style=\u00bbsolid\u00bb animation=\u00bboff\u00bb sticky=\u00bboff\u00bb always_center_on_mobile=\u00bbon\u00bb]&nbsp;<br \/>\n[\/et_pb_image][\/et_pb_column][\/et_pb_row][et_pb_row admin_label=\u00bbrow\u00bb _builder_version=\u00bb3.25&#8243; background_size=\u00bbinitial\u00bb background_position=\u00bbtop_left\u00bb background_repeat=\u00bbrepeat\u00bb][et_pb_column type=\u00bb4_4&#8243; _builder_version=\u00bb3.25&#8243; custom_padding=\u00bb|||\u00bb custom_padding__hover=\u00bb|||\u00bb][et_pb_image src=\u00bbhttps:\/\/www.perihelio.com\/wp-content\/uploads\/2018\/03\/sistema-DN-curvado.png\u00bb align_tablet=\u00bbcenter\u00bb align_last_edited=\u00bbon|desktop\u00bb admin_label=\u00bbImagen\u00bb _builder_version=\u00bb3.23&#8243; use_border_color=\u00bboff\u00bb border_color=\u00bb#ffffff\u00bb border_style=\u00bbsolid\u00bb animation=\u00bboff\u00bb sticky=\u00bboff\u00bb always_center_on_mobile=\u00bbon\u00bb]&nbsp;<br \/>\n[\/et_pb_image][et_pb_text admin_label=\u00bbTexto\u00bb _builder_version=\u00bb3.27.4&#8243; background_size=\u00bbinitial\u00bb background_position=\u00bbtop_left\u00bb background_repeat=\u00bbrepeat\u00bb use_border_color=\u00bboff\u00bb border_color=\u00bb#ffffff\u00bb border_style=\u00bbsolid\u00bb]<\/p>\n<p style=\"text-align: justify;\"><span lang=\"it-IT\">La estructura\u00a0del elemento <strong>BASIC &amp; COMFORT<\/strong> consiste en dos\u00a0capas de 40 el\u00e1sticos listones de fresno que apoyan en siete elementos longitudinales de l\u00e1tex. El\u00a0movimiento vertical de cada una de las maderas es independiente y adaptado, por lo que el sistema se\u00a0amolda exactamente a cada cent\u00edmetro de nuestro cuerpo.\u00a0Estas maderas, colocadas de manera transversal al cuerpo, reparten nuestro pero sobre todo el ancho de la cama para evitar que nos hundamos\u00a0y\u00a0que los \u00f3rganos se opriman, tal y como ocurre en los colchones habituales.<\/span><\/p>\n<p>[\/et_pb_text][\/et_pb_column][\/et_pb_row][et_pb_row admin_label=\u00bbrow\u00bb _builder_version=\u00bb3.25&#8243; background_size=\u00bbinitial\u00bb background_position=\u00bbtop_left\u00bb background_repeat=\u00bbrepeat\u00bb column_structure=\u00bb1_2,1_2&#8243;][et_pb_column type=\u00bb1_2&#8243; _builder_version=\u00bb3.25&#8243; custom_padding=\u00bb|||\u00bb custom_padding__hover=\u00bb|||\u00bb][et_pb_image src=\u00bbhttps:\/\/www.perihelio.com\/wp-content\/uploads\/2018\/03\/boca-arriba-DN.jpg\u00bb align_tablet=\u00bbcenter\u00bb align_last_edited=\u00bbon|desktop\u00bb admin_label=\u00bbImagen\u00bb _builder_version=\u00bb3.23&#8243; use_border_color=\u00bboff\u00bb border_color=\u00bb#ffffff\u00bb border_style=\u00bbsolid\u00bb animation=\u00bboff\u00bb sticky=\u00bboff\u00bb always_center_on_mobile=\u00bbon\u00bb]&nbsp;<br \/>\n[\/et_pb_image][\/et_pb_column][et_pb_column type=\u00bb1_2&#8243; _builder_version=\u00bb3.25&#8243; custom_padding=\u00bb|||\u00bb custom_padding__hover=\u00bb|||\u00bb][et_pb_image src=\u00bbhttps:\/\/www.perihelio.com\/wp-content\/uploads\/2018\/03\/de-lado-DN.jpg\u00bb align_tablet=\u00bbcenter\u00bb align_last_edited=\u00bbon|desktop\u00bb admin_label=\u00bbImagen\u00bb _builder_version=\u00bb3.23&#8243; use_border_color=\u00bboff\u00bb border_color=\u00bb#ffffff\u00bb border_style=\u00bbsolid\u00bb animation=\u00bboff\u00bb sticky=\u00bboff\u00bb always_center_on_mobile=\u00bbon\u00bb]&nbsp;<br \/>\n[\/et_pb_image][\/et_pb_column][\/et_pb_row][et_pb_row admin_label=\u00bbrow\u00bb _builder_version=\u00bb3.25&#8243; background_size=\u00bbinitial\u00bb background_position=\u00bbtop_left\u00bb background_repeat=\u00bbrepeat\u00bb][et_pb_column type=\u00bb4_4&#8243; _builder_version=\u00bb3.25&#8243; custom_padding=\u00bb|||\u00bb custom_padding__hover=\u00bb|||\u00bb][et_pb_text admin_label=\u00bbTexto\u00bb _builder_version=\u00bb3.27.4&#8243; background_size=\u00bbinitial\u00bb background_position=\u00bbtop_left\u00bb background_repeat=\u00bbrepeat\u00bb use_border_color=\u00bboff\u00bb border_color=\u00bb#ffffff\u00bb border_style=\u00bbsolid\u00bb]<\/p>\n<p style=\"text-align: justify;\">El elemento <strong>BASIC &amp; COMFORT<\/strong>\u00a0puede\u00a0instalarse sobre una superficie plana, como en la cama tipo canap\u00e9, sobre un somier de listones resistentes y juntos (no el t\u00edpico de lamas), o adaptando el <strong>marco Dormo Novo<\/strong>\u00a0correspondiente al bastidor de la cama deseada.<\/p>\n<p>En la siguiente imagen se muestra el sistema completo, con la colchoneta de l\u00e1tex abrochada al B&amp;C y cubierto por la funda.<br \/>\n[\/et_pb_text][et_pb_image src=\u00bbhttps:\/\/www.perihelio.com\/wp-content\/uploads\/2018\/11\/elementos-dormo-novo-e1541714378252.jpg\u00bb align_tablet=\u00bbcenter\u00bb align_last_edited=\u00bbon|desktop\u00bb admin_label=\u00bbImagen\u00bb _builder_version=\u00bb3.23&#8243; animation_style=\u00bbslide\u00bb animation_direction=\u00bbleft\u00bb animation_duration=\u00bb500ms\u00bb animation_intensity_slide=\u00bb10%\u00bb use_border_color=\u00bboff\u00bb border_color=\u00bb#ffffff\u00bb border_style=\u00bbsolid\u00bb animation=\u00bbleft\u00bb sticky=\u00bboff\u00bb always_center_on_mobile=\u00bbon\u00bb][\/et_pb_image][\/et_pb_column][\/et_pb_row][et_pb_row admin_label=\u00bbrow\u00bb _builder_version=\u00bb3.25&#8243; background_size=\u00bbinitial\u00bb background_position=\u00bbtop_left\u00bb background_repeat=\u00bbrepeat\u00bb][et_pb_column type=\u00bb4_4&#8243; _builder_version=\u00bb3.25&#8243; custom_padding=\u00bb|||\u00bb custom_padding__hover=\u00bb|||\u00bb][et_pb_text admin_label=\u00bbTexto\u00bb _builder_version=\u00bb3.27.4&#8243; background_size=\u00bbinitial\u00bb background_position=\u00bbtop_left\u00bb background_repeat=\u00bbrepeat\u00bb use_border_color=\u00bboff\u00bb border_color=\u00bb#ffffff\u00bb border_style=\u00bbsolid\u00bb]A continuaci\u00f3n se muestran los sencillos pasos para instalar un sistema completo en una cama Dormo Novo.<br \/>\n[\/et_pb_text][et_pb_divider show_divider=\u00bboff\u00bb disabled_on=\u00bbon|on|off\u00bb admin_label=\u00bbSeparador\u00bb _builder_version=\u00bb3.23.4&#8243; height=\u00bb20px\u00bb hide_on_mobile=\u00bbon\u00bb]&nbsp;<br \/>\n[\/et_pb_divider][et_pb_gallery gallery_ids=\u00bb2460,2461,2462,2463,2464,2465,2466&#8243; fullwidth=\u00bbon\u00bb admin_label=\u00bbGaler\u00eda\u00bb _builder_version=\u00bb3.0.87&#8243; caption_all_caps=\u00bboff\u00bb auto=\u00bbon\u00bb auto_speed=\u00bb5000&#8243; use_border_color=\u00bboff\u00bb border_color=\u00bb#ffffff\u00bb border_style=\u00bbsolid\u00bb]&nbsp;<br \/>\n[\/et_pb_gallery][\/et_pb_column][\/et_pb_row][et_pb_row admin_label=\u00bbrow\u00bb _builder_version=\u00bb3.25&#8243; background_size=\u00bbinitial\u00bb background_position=\u00bbtop_left\u00bb background_repeat=\u00bbrepeat\u00bb][et_pb_column type=\u00bb4_4&#8243; _builder_version=\u00bb3.25&#8243; custom_padding=\u00bb|||\u00bb custom_padding__hover=\u00bb|||\u00bb][et_pb_divider show_divider=\u00bboff\u00bb disabled_on=\u00bbon|on|off\u00bb admin_label=\u00bbSeparador\u00bb _builder_version=\u00bb3.23.4&#8243; height=\u00bb30px\u00bb hide_on_mobile=\u00bbon\u00bb]&nbsp;<br \/>\n[\/et_pb_divider][et_pb_video src=\u00bbhttps:\/\/vimeo.com\/39440315&#8243; admin_label=\u00bbV\u00eddeo\u00bb _builder_version=\u00bb3.0.47&#8243;]&nbsp;<br \/>\n[\/et_pb_video][et_pb_video src=\u00bbhttps:\/\/vimeo.com\/39434596&#8243; admin_label=\u00bbV\u00eddeo\u00bb _builder_version=\u00bb3.0.47&#8243;]&nbsp;<br \/>\n[\/et_pb_video][\/et_pb_column][\/et_pb_row][\/et_pb_section]<\/p>\n","protected":false},"excerpt":{"rendered":"<p>[et_pb_section fb_built=\u00bb1&#8243; admin_label=\u00bbsection\u00bb _builder_version=\u00bb3.22&#8243;][et_pb_row admin_label=\u00bbrow\u00bb _builder_version=\u00bb3.25&#8243; background_size=\u00bbinitial\u00bb background_position=\u00bbtop_left\u00bb background_repeat=\u00bbrepeat\u00bb column_structure=\u00bb2_3,1_3&#8243;][et_pb_column type=\u00bb2_3&#8243; _builder_version=\u00bb3.25&#8243; custom_padding=\u00bb|||\u00bb custom_padding__hover=\u00bb|||\u00bb][et_pb_text admin_label=\u00bbTexto\u00bb _builder_version=\u00bb4.7.4&#8243; background_size=\u00bbinitial\u00bb background_position=\u00bbtop_left\u00bb background_repeat=\u00bbrepeat\u00bb hover_enabled=\u00bb0&#8243; use_border_color=\u00bboff\u00bb border_color=\u00bb#ffffff\u00bb border_style=\u00bbsolid\u00bb sticky_enabled=\u00bb0&#8243;] El sistema natural DORMO NOVO\u00a0se compone del\u00a0elemento BASIC &amp; COMFORT:\u00a0un sistema de\u00a0amortiguaci\u00f3n fabricado\u00a0con\u00a0l\u00e1tex 100% natural y listones de madera de fresno. Por encima de \u00e9ste\u00a0se abrocha un colch\u00f3n de l\u00e1tex de [&hellip;]<\/p>\n","protected":false},"author":2,"featured_media":0,"parent":0,"menu_order":0,"comment_status":"closed","ping_status":"closed","template":"","meta":{"_et_pb_use_builder":"on","_et_pb_old_content":"","_et_gb_content_width":"","_joinchat":[],"footnotes":""},"class_list":["post-1557","page","type-page","status-publish","hentry"],"yoast_head":"<!-- This site is optimized with the Yoast SEO plugin v26.8 - https:\/\/yoast.com\/product\/yoast-seo-wordpress\/ -->\n<title>Sistema Dormo Novo - Perihelio - La Ruta Natural<\/title>\n<meta name=\"robots\" content=\"index, follow, max-snippet:-1, max-image-preview:large, max-video-preview:-1\" \/>\n<link rel=\"canonical\" href=\"https:\/\/www.perihelio.com\/index.php\/dormo-novo\/\" \/>\n<meta property=\"og:locale\" content=\"es_ES\" \/>\n<meta property=\"og:type\" content=\"article\" \/>\n<meta property=\"og:title\" content=\"Sistema Dormo Novo - Perihelio - La Ruta Natural\" \/>\n<meta property=\"og:description\" content=\"[et_pb_section fb_built=\u00bb1&#8243; admin_label=\u00bbsection\u00bb _builder_version=\u00bb3.22&#8243;][et_pb_row admin_label=\u00bbrow\u00bb _builder_version=\u00bb3.25&#8243; background_size=\u00bbinitial\u00bb background_position=\u00bbtop_left\u00bb background_repeat=\u00bbrepeat\u00bb column_structure=\u00bb2_3,1_3&#8243;][et_pb_column type=\u00bb2_3&#8243; _builder_version=\u00bb3.25&#8243; custom_padding=\u00bb|||\u00bb custom_padding__hover=\u00bb|||\u00bb][et_pb_text admin_label=\u00bbTexto\u00bb _builder_version=\u00bb4.7.4&#8243; background_size=\u00bbinitial\u00bb background_position=\u00bbtop_left\u00bb background_repeat=\u00bbrepeat\u00bb hover_enabled=\u00bb0&#8243; use_border_color=\u00bboff\u00bb border_color=\u00bb#ffffff\u00bb border_style=\u00bbsolid\u00bb sticky_enabled=\u00bb0&#8243;] El sistema natural DORMO NOVO\u00a0se compone del\u00a0elemento BASIC &amp; COMFORT:\u00a0un sistema de\u00a0amortiguaci\u00f3n fabricado\u00a0con\u00a0l\u00e1tex 100% natural y listones de madera de fresno. Por encima de \u00e9ste\u00a0se abrocha un colch\u00f3n de l\u00e1tex de [&hellip;]\" \/>\n<meta property=\"og:url\" content=\"https:\/\/www.perihelio.com\/index.php\/dormo-novo\/\" \/>\n<meta property=\"og:site_name\" content=\"Perihelio - La Ruta Natural\" \/>\n<meta property=\"article:publisher\" content=\"https:\/\/www.facebook.com\/La-ruta-natural-de-Chinch%c3%b3n-847250628644535\/\" \/>\n<meta property=\"article:modified_time\" content=\"2024-02-25T22:33:56+00:00\" \/>\n<meta property=\"og:image\" content=\"https:\/\/www.perihelio.com\/wp-content\/uploads\/2025\/03\/Logo-ruta_web_white-SEO.jpg\" \/>\n\t<meta property=\"og:image:width\" content=\"1200\" \/>\n\t<meta property=\"og:image:height\" content=\"675\" \/>\n\t<meta property=\"og:image:type\" content=\"image\/jpeg\" \/>\n<meta name=\"twitter:card\" content=\"summary_large_image\" \/>\n<meta name=\"twitter:site\" content=\"@perihelio_com\" \/>\n<meta name=\"twitter:label1\" content=\"Tiempo de lectura\" \/>\n\t<meta name=\"twitter:data1\" content=\"5 minutos\" \/>\n<script type=\"application\/ld+json\" class=\"yoast-schema-graph\">{\"@context\":\"https:\/\/schema.org\",\"@graph\":[{\"@type\":\"WebPage\",\"@id\":\"https:\/\/www.perihelio.com\/index.php\/dormo-novo\/\",\"url\":\"https:\/\/www.perihelio.com\/index.php\/dormo-novo\/\",\"name\":\"Sistema Dormo Novo - Perihelio - La Ruta Natural\",\"isPartOf\":{\"@id\":\"https:\/\/www.perihelio.com\/#website\"},\"datePublished\":\"2018-03-08T18:34:24+00:00\",\"dateModified\":\"2024-02-25T22:33:56+00:00\",\"breadcrumb\":{\"@id\":\"https:\/\/www.perihelio.com\/index.php\/dormo-novo\/#breadcrumb\"},\"inLanguage\":\"es\",\"potentialAction\":[{\"@type\":\"ReadAction\",\"target\":[\"https:\/\/www.perihelio.com\/index.php\/dormo-novo\/\"]}]},{\"@type\":\"BreadcrumbList\",\"@id\":\"https:\/\/www.perihelio.com\/index.php\/dormo-novo\/#breadcrumb\",\"itemListElement\":[{\"@type\":\"ListItem\",\"position\":1,\"name\":\"Portada\",\"item\":\"https:\/\/www.perihelio.com\/\"},{\"@type\":\"ListItem\",\"position\":2,\"name\":\"Sistema Dormo Novo\"}]},{\"@type\":\"WebSite\",\"@id\":\"https:\/\/www.perihelio.com\/#website\",\"url\":\"https:\/\/www.perihelio.com\/\",\"name\":\"Perihelio - La Ruta Natural\",\"description\":\"Hogar sano: rehabilitaci\u00f3n energ\u00e9tica, ergonom\u00eda en sillas oficina y camas naturales, bioconstrucci\u00f3n\",\"publisher\":{\"@id\":\"https:\/\/www.perihelio.com\/#organization\"},\"alternateName\":\"Ruta Natural de Chinch\u00f3n\",\"potentialAction\":[{\"@type\":\"SearchAction\",\"target\":{\"@type\":\"EntryPoint\",\"urlTemplate\":\"https:\/\/www.perihelio.com\/?s={search_term_string}\"},\"query-input\":{\"@type\":\"PropertyValueSpecification\",\"valueRequired\":true,\"valueName\":\"search_term_string\"}}],\"inLanguage\":\"es\"},{\"@type\":\"Organization\",\"@id\":\"https:\/\/www.perihelio.com\/#organization\",\"name\":\"Perihelio\",\"alternateName\":\"La Ruta Natural\",\"url\":\"https:\/\/www.perihelio.com\/\",\"logo\":{\"@type\":\"ImageObject\",\"inLanguage\":\"es\",\"@id\":\"https:\/\/www.perihelio.com\/#\/schema\/logo\/image\/\",\"url\":\"https:\/\/www.perihelio.com\/wp-content\/uploads\/2017\/08\/perihelio_com-scaled.jpg\",\"contentUrl\":\"https:\/\/www.perihelio.com\/wp-content\/uploads\/2017\/08\/perihelio_com-scaled.jpg\",\"width\":2560,\"height\":624,\"caption\":\"Perihelio\"},\"image\":{\"@id\":\"https:\/\/www.perihelio.com\/#\/schema\/logo\/image\/\"},\"sameAs\":[\"https:\/\/www.facebook.com\/La-ruta-natural-de-Chinch\u00f3n-847250628644535\/\",\"https:\/\/x.com\/perihelio_com\",\"https:\/\/www.instagram.com\/larutanaturaldechinchon\/?hl=es\",\"https:\/\/www.linkedin.com\/company\/11035942\",\"https:\/\/www.youtube.com\/channel\/UC4_wAeDXx-_AHif9alVX9vA?view_as=subscriber\",\"http:\/\/www.youtube.com\/@larutanaturaldechinchon2084\",\"https:\/\/youtube.com\/@larutanaturaldechinchon2084?si=AHdElw-J_22vIDBK\"]}]}<\/script>\n<!-- \/ Yoast SEO plugin. -->","yoast_head_json":{"title":"Sistema Dormo Novo - Perihelio - La Ruta Natural","robots":{"index":"index","follow":"follow","max-snippet":"max-snippet:-1","max-image-preview":"max-image-preview:large","max-video-preview":"max-video-preview:-1"},"canonical":"https:\/\/www.perihelio.com\/index.php\/dormo-novo\/","og_locale":"es_ES","og_type":"article","og_title":"Sistema Dormo Novo - Perihelio - La Ruta Natural","og_description":"[et_pb_section fb_built=\u00bb1&#8243; admin_label=\u00bbsection\u00bb _builder_version=\u00bb3.22&#8243;][et_pb_row admin_label=\u00bbrow\u00bb _builder_version=\u00bb3.25&#8243; background_size=\u00bbinitial\u00bb background_position=\u00bbtop_left\u00bb background_repeat=\u00bbrepeat\u00bb column_structure=\u00bb2_3,1_3&#8243;][et_pb_column type=\u00bb2_3&#8243; _builder_version=\u00bb3.25&#8243; custom_padding=\u00bb|||\u00bb custom_padding__hover=\u00bb|||\u00bb][et_pb_text admin_label=\u00bbTexto\u00bb _builder_version=\u00bb4.7.4&#8243; background_size=\u00bbinitial\u00bb background_position=\u00bbtop_left\u00bb background_repeat=\u00bbrepeat\u00bb hover_enabled=\u00bb0&#8243; use_border_color=\u00bboff\u00bb border_color=\u00bb#ffffff\u00bb border_style=\u00bbsolid\u00bb sticky_enabled=\u00bb0&#8243;] El sistema natural DORMO NOVO\u00a0se compone del\u00a0elemento BASIC &amp; COMFORT:\u00a0un sistema de\u00a0amortiguaci\u00f3n fabricado\u00a0con\u00a0l\u00e1tex 100% natural y listones de madera de fresno. Por encima de \u00e9ste\u00a0se abrocha un colch\u00f3n de l\u00e1tex de [&hellip;]","og_url":"https:\/\/www.perihelio.com\/index.php\/dormo-novo\/","og_site_name":"Perihelio - La Ruta Natural","article_publisher":"https:\/\/www.facebook.com\/La-ruta-natural-de-Chinch%c3%b3n-847250628644535\/","article_modified_time":"2024-02-25T22:33:56+00:00","og_image":[{"width":1200,"height":675,"url":"https:\/\/www.perihelio.com\/wp-content\/uploads\/2025\/03\/Logo-ruta_web_white-SEO.jpg","type":"image\/jpeg"}],"twitter_card":"summary_large_image","twitter_site":"@perihelio_com","twitter_misc":{"Tiempo de lectura":"5 minutos"},"schema":{"@context":"https:\/\/schema.org","@graph":[{"@type":"WebPage","@id":"https:\/\/www.perihelio.com\/index.php\/dormo-novo\/","url":"https:\/\/www.perihelio.com\/index.php\/dormo-novo\/","name":"Sistema Dormo Novo - Perihelio - La Ruta Natural","isPartOf":{"@id":"https:\/\/www.perihelio.com\/#website"},"datePublished":"2018-03-08T18:34:24+00:00","dateModified":"2024-02-25T22:33:56+00:00","breadcrumb":{"@id":"https:\/\/www.perihelio.com\/index.php\/dormo-novo\/#breadcrumb"},"inLanguage":"es","potentialAction":[{"@type":"ReadAction","target":["https:\/\/www.perihelio.com\/index.php\/dormo-novo\/"]}]},{"@type":"BreadcrumbList","@id":"https:\/\/www.perihelio.com\/index.php\/dormo-novo\/#breadcrumb","itemListElement":[{"@type":"ListItem","position":1,"name":"Portada","item":"https:\/\/www.perihelio.com\/"},{"@type":"ListItem","position":2,"name":"Sistema Dormo Novo"}]},{"@type":"WebSite","@id":"https:\/\/www.perihelio.com\/#website","url":"https:\/\/www.perihelio.com\/","name":"Perihelio - La Ruta Natural","description":"Hogar sano: rehabilitaci\u00f3n energ\u00e9tica, ergonom\u00eda en sillas oficina y camas naturales, bioconstrucci\u00f3n","publisher":{"@id":"https:\/\/www.perihelio.com\/#organization"},"alternateName":"Ruta Natural de Chinch\u00f3n","potentialAction":[{"@type":"SearchAction","target":{"@type":"EntryPoint","urlTemplate":"https:\/\/www.perihelio.com\/?s={search_term_string}"},"query-input":{"@type":"PropertyValueSpecification","valueRequired":true,"valueName":"search_term_string"}}],"inLanguage":"es"},{"@type":"Organization","@id":"https:\/\/www.perihelio.com\/#organization","name":"Perihelio","alternateName":"La Ruta Natural","url":"https:\/\/www.perihelio.com\/","logo":{"@type":"ImageObject","inLanguage":"es","@id":"https:\/\/www.perihelio.com\/#\/schema\/logo\/image\/","url":"https:\/\/www.perihelio.com\/wp-content\/uploads\/2017\/08\/perihelio_com-scaled.jpg","contentUrl":"https:\/\/www.perihelio.com\/wp-content\/uploads\/2017\/08\/perihelio_com-scaled.jpg","width":2560,"height":624,"caption":"Perihelio"},"image":{"@id":"https:\/\/www.perihelio.com\/#\/schema\/logo\/image\/"},"sameAs":["https:\/\/www.facebook.com\/La-ruta-natural-de-Chinch\u00f3n-847250628644535\/","https:\/\/x.com\/perihelio_com","https:\/\/www.instagram.com\/larutanaturaldechinchon\/?hl=es","https:\/\/www.linkedin.com\/company\/11035942","https:\/\/www.youtube.com\/channel\/UC4_wAeDXx-_AHif9alVX9vA?view_as=subscriber","http:\/\/www.youtube.com\/@larutanaturaldechinchon2084","https:\/\/youtube.com\/@larutanaturaldechinchon2084?si=AHdElw-J_22vIDBK"]}]}},"jetpack_sharing_enabled":true,"_links":{"self":[{"href":"https:\/\/www.perihelio.com\/index.php\/wp-json\/wp\/v2\/pages\/1557","targetHints":{"allow":["GET"]}}],"collection":[{"href":"https:\/\/www.perihelio.com\/index.php\/wp-json\/wp\/v2\/pages"}],"about":[{"href":"https:\/\/www.perihelio.com\/index.php\/wp-json\/wp\/v2\/types\/page"}],"author":[{"embeddable":true,"href":"https:\/\/www.perihelio.com\/index.php\/wp-json\/wp\/v2\/users\/2"}],"replies":[{"embeddable":true,"href":"https:\/\/www.perihelio.com\/index.php\/wp-json\/wp\/v2\/comments?post=1557"}],"version-history":[{"count":32,"href":"https:\/\/www.perihelio.com\/index.php\/wp-json\/wp\/v2\/pages\/1557\/revisions"}],"predecessor-version":[{"id":3937,"href":"https:\/\/www.perihelio.com\/index.php\/wp-json\/wp\/v2\/pages\/1557\/revisions\/3937"}],"wp:attachment":[{"href":"https:\/\/www.perihelio.com\/index.php\/wp-json\/wp\/v2\/media?parent=1557"}],"curies":[{"name":"wp","href":"https:\/\/api.w.org\/{rel}","templated":true}]}}